{"id":2660,"date":"2023-12-30T22:10:52","date_gmt":"2023-12-30T21:10:52","guid":{"rendered":"https:\/\/lindenrott.com\/www\/?page_id=2660"},"modified":"2023-12-30T22:39:59","modified_gmt":"2023-12-30T21:39:59","slug":"vorstand-des-foerderverein-lindenrott-e-v","status":"publish","type":"page","link":"https:\/\/lindenrott.com\/www\/vorstand-des-foerderverein-lindenrott-e-v\/","title":{"rendered":"Vorstand"},"content":{"rendered":"<p><strong>Der Vorstand des F\u00f6rdervereins:<\/strong><br \/>\nLutz Bartelsmeier (1. Vorsitzender)<br \/>\nStefan Mogwitz (2. Vorsitzender)<br \/>\nSimon G\u00f6rtz (Schriftf\u00fchrer)<br \/>\nNadine Wehling (Kassenwartin)<br \/>\nAndr\u00e9 Nickel (Beisitzer)<\/p>\n","protected":false},"excerpt":{"rendered":"<p>Der Vorstand des F\u00f6rdervereins: Lutz Bartelsmeier (1. Vorsitzender) Stefan Mogwitz (2. Vorsitzender) Simon G\u00f6rtz (Schriftf\u00fchrer) Nadine Wehling (Kassenwartin) Andr\u00e9 Nickel (Beisitzer)<\/p>\n","protected":false},"author":2,"featured_media":0,"parent":0,"menu_order":0,"comment_status":"closed","ping_status":"closed","template":"","meta":{"_et_pb_use_builder":"","_et_pb_old_content":"","_et_gb_content_width":"","footnotes":""},"class_list":["post-2660","page","type-page","status-publish","hentry"],"_links":{"self":[{"href":"https:\/\/lindenrott.com\/www\/wp-json\/wp\/v2\/pages\/2660","targetHints":{"allow":["GET"]}}],"collection":[{"href":"https:\/\/lindenrott.com\/www\/wp-json\/wp\/v2\/pages"}],"about":[{"href":"https:\/\/lindenrott.com\/www\/wp-json\/wp\/v2\/types\/page"}],"author":[{"embeddable":true,"href":"https:\/\/lindenrott.com\/www\/wp-json\/wp\/v2\/users\/2"}],"replies":[{"embeddable":true,"href":"https:\/\/lindenrott.com\/www\/wp-json\/wp\/v2\/comments?post=2660"}],"version-history":[{"count":2,"href":"https:\/\/lindenrott.com\/www\/wp-json\/wp\/v2\/pages\/2660\/revisions"}],"predecessor-version":[{"id":2666,"href":"https:\/\/lindenrott.com\/www\/wp-json\/wp\/v2\/pages\/2660\/revisions\/2666"}],"wp:attachment":[{"href":"https:\/\/lindenrott.com\/www\/wp-json\/wp\/v2\/media?parent=2660"}],"curies":[{"name":"wp","href":"https:\/\/api.w.org\/{rel}","templated":true}]}}