{"id":2520,"date":"2023-06-08T10:18:41","date_gmt":"2023-06-08T08:18:41","guid":{"rendered":"https:\/\/lindenrott.com\/www\/?page_id=2520"},"modified":"2023-12-30T22:31:35","modified_gmt":"2023-12-30T21:31:35","slug":"foerderverein","status":"publish","type":"page","link":"https:\/\/lindenrott.com\/www\/foerderverein\/","title":{"rendered":"F\u00f6rderverein"},"content":{"rendered":"<p>[et_pb_section fb_built=&#8220;1&#8243; _builder_version=&#8220;4.21.0&#8243; _module_preset=&#8220;default&#8220; global_colors_info=&#8220;{}&#8220;][et_pb_row _builder_version=&#8220;4.21.0&#8243; _module_preset=&#8220;default&#8220; global_colors_info=&#8220;{}&#8220;][et_pb_column type=&#8220;4_4&#8243; _builder_version=&#8220;4.21.0&#8243; _module_preset=&#8220;default&#8220; global_colors_info=&#8220;{}&#8220;][et_pb_text _builder_version=&#8220;4.21.0&#8243; _module_preset=&#8220;default&#8220; global_colors_info=&#8220;{}&#8220;]<\/p>\n<p>&nbsp;<\/p>\n<p style=\"text-align: center;\"><a href=\"https:\/\/lindenrott.com\/www\/wp-content\/uploads\/Logo_Foerderverein.png\"><img loading=\"lazy\" decoding=\"async\" class=\"wp-image-2263 alignnone size-medium\" src=\"https:\/\/lindenrott.com\/www\/wp-content\/uploads\/Logo_Foerderverein-181x300.png\" alt=\"\" width=\"181\" height=\"300\" \/><\/a><\/p>\n<p>[\/et_pb_text][et_pb_text _builder_version=&#8220;4.23.4&#8243; _module_preset=&#8220;default&#8220; hover_enabled=&#8220;0&#8243; global_colors_info=&#8220;{}&#8220; sticky_enabled=&#8220;0&#8243;]<\/p>\n<p><strong>Vorwort<\/strong><\/p>\n<p>Der Tradition verpflichtet, der Zukunft zugewandt. Seit nunmehr 125 Jahren funktioniert alles in und um das Lindenrott herum durch \u201eZuruf\u201c und pers\u00f6nliche Bereitschaft \u201emit anzupacken\u201c.<\/p>\n<p>Dieser unkomplizierten und direkten Handlungsweise f\u00fchlen sich auch heute noch die aktuellen und aktiven Mitglieder der Zeltgemeinschaft verpflichtet. Um diesen Gedanken der Gemeinschaft zukunftsf\u00e4hig weiter zu tragen, gr\u00fcnden die Mitglieder der Zeltgemeinschaft Lindenrott den F\u00f6rderverein Lindenrott e.V. und stellen mit Zelten, Inventar und R\u00fccklagen das Fundament f\u00fcr den F\u00f6rderverein.<\/p>\n<p>Die Zeiten und besonders die Anforderungen an Sicherheit w\u00e4hrend des Festes, Gew\u00e4hrleistungen und die rechtlichen Bestimmungen sind heute sch\u00e4rfer gefasst als damals.<br \/>Darum haben sich die Mitglieder der Zeltgemeinschaft Lindenrott entschlossen, den Weg f\u00fcr eine breitere Basis zu \u00f6ffnen und den F\u00f6rderverein Lindenrott e.V. zu gr\u00fcnden.<\/p>\n<p>Die Rechte und Pflichten der Mitglieder sowie aller Organe des Vereins werden ausschlie\u00dflich durch die vorliegende Satzung geregelt. F\u00fcr Streitigkeiten, die aus der Mitgliedschaft zum Verein oder aller damit im Zusammenhang stehenden Fragen entstehen, ist der ordentliche Rechtsweg erst zul\u00e4ssig, nachdem der Vorstand entschieden hat.<\/p>\n<p><strong>Der Vorstand des F\u00f6rdervereins:<\/strong><br \/>Lutz Bartelsmeier (1. Vorsitzender)<br \/>Stefan Mogwitz (2. Vorsitzender)<br \/>Simon G\u00f6rtz (Schriftf\u00fchrer)<br \/>Nadine Wehling (Kassenwartin)<br \/>Andr\u00e9 Nickel (Beisitzer)<\/p>\n<p>&nbsp;<\/p>\n<p>[\/et_pb_text][\/et_pb_column][\/et_pb_row][et_pb_row column_structure=&#8220;1_4,1_4,1_4,1_4&#8243; _builder_version=&#8220;4.21.0&#8243; _module_preset=&#8220;default&#8220; global_colors_info=&#8220;{}&#8220;][et_pb_column type=&#8220;1_4&#8243; _builder_version=&#8220;4.21.0&#8243; _module_preset=&#8220;default&#8220; global_colors_info=&#8220;{}&#8220;][et_pb_button button_url=&#8220;https:\/\/lindenrott.com\/www\/wp-content\/uploads\/LiRoPra_ambelFinal20221130.pdf&#8220; url_new_window=&#8220;on&#8220; button_text=&#8220;Pr\u00e4ambel F\u00f6rderverein&#8220; admin_label=&#8220;Pr\u00e4ambel&#8220; _builder_version=&#8220;4.21.0&#8243; _module_preset=&#8220;default&#8220; global_colors_info=&#8220;{}&#8220;][\/et_pb_button][\/et_pb_column][et_pb_column type=&#8220;1_4&#8243; _builder_version=&#8220;4.21.0&#8243; _module_preset=&#8220;default&#8220; global_colors_info=&#8220;{}&#8220;][et_pb_button button_url=&#8220;https:\/\/lindenrott.com\/www\/wp-content\/uploads\/Foerderverein-Lindenrott-e.V.-Satzung-Version-1.0.pdf&#8220; url_new_window=&#8220;on&#8220; button_text=&#8220;Satzung F\u00f6rderverein&#8220; admin_label=&#8220;Satzung&#8220; _builder_version=&#8220;4.21.0&#8243; _module_preset=&#8220;default&#8220; global_colors_info=&#8220;{}&#8220;][\/et_pb_button][\/et_pb_column][et_pb_column type=&#8220;1_4&#8243; _builder_version=&#8220;4.21.0&#8243; _module_preset=&#8220;default&#8220; global_colors_info=&#8220;{}&#8220;][et_pb_button button_url=&#8220;https:\/\/lindenrott.com\/www\/wp-content\/uploads\/LiRo-.-Aufnahmeantrag-ausfuellbar.pdf&#8220; url_new_window=&#8220;on&#8220; button_text=&#8220;Anmeldeformular &#8211; online&#8220; admin_label=&#8220;Anmeldeformular&#8220; _builder_version=&#8220;4.21.0&#8243; _module_preset=&#8220;default&#8220; global_colors_info=&#8220;{}&#8220;][\/et_pb_button][\/et_pb_column][et_pb_column type=&#8220;1_4&#8243; _builder_version=&#8220;4.21.0&#8243; _module_preset=&#8220;default&#8220; global_colors_info=&#8220;{}&#8220;][\/et_pb_column][\/et_pb_row][et_pb_row _builder_version=&#8220;4.21.0&#8243; _module_preset=&#8220;default&#8220; global_colors_info=&#8220;{}&#8220;][et_pb_column type=&#8220;4_4&#8243; _builder_version=&#8220;4.21.0&#8243; _module_preset=&#8220;default&#8220; global_colors_info=&#8220;{}&#8220;][et_pb_text _builder_version=&#8220;4.21.0&#8243; _module_preset=&#8220;default&#8220; global_colors_info=&#8220;{}&#8220;]<\/p>\n<p><strong>Akuelles:<\/strong><\/p>\n<p>[\/et_pb_text][et_pb_blog include_categories=&#8220;16&#8243; meta_date=&#8220;d.m.Y&#8220; show_content=&#8220;on&#8220; _builder_version=&#8220;4.21.0&#8243; _module_preset=&#8220;default&#8220; global_colors_info=&#8220;{}&#8220;][\/et_pb_blog][\/et_pb_column][\/et_pb_row][\/et_pb_section]<\/p>\n","protected":false},"excerpt":{"rendered":"<p>&nbsp; Vorwort Der Tradition verpflichtet, der Zukunft zugewandt. Seit nunmehr 125 Jahren funktioniert alles in und um das Lindenrott herum durch \u201eZuruf\u201c und pers\u00f6nliche Bereitschaft \u201emit anzupacken\u201c. Dieser unkomplizierten und [&hellip;]<\/p>\n","protected":false},"author":2,"featured_media":0,"parent":0,"menu_order":0,"comment_status":"closed","ping_status":"closed","template":"","meta":{"_et_pb_use_builder":"on","_et_pb_old_content":"","_et_gb_content_width":"","footnotes":""},"class_list":["post-2520","page","type-page","status-publish","hentry"],"_links":{"self":[{"href":"https:\/\/lindenrott.com\/www\/wp-json\/wp\/v2\/pages\/2520","targetHints":{"allow":["GET"]}}],"collection":[{"href":"https:\/\/lindenrott.com\/www\/wp-json\/wp\/v2\/pages"}],"about":[{"href":"https:\/\/lindenrott.com\/www\/wp-json\/wp\/v2\/types\/page"}],"author":[{"embeddable":true,"href":"https:\/\/lindenrott.com\/www\/wp-json\/wp\/v2\/users\/2"}],"replies":[{"embeddable":true,"href":"https:\/\/lindenrott.com\/www\/wp-json\/wp\/v2\/comments?post=2520"}],"version-history":[{"count":28,"href":"https:\/\/lindenrott.com\/www\/wp-json\/wp\/v2\/pages\/2520\/revisions"}],"predecessor-version":[{"id":2663,"href":"https:\/\/lindenrott.com\/www\/wp-json\/wp\/v2\/pages\/2520\/revisions\/2663"}],"wp:attachment":[{"href":"https:\/\/lindenrott.com\/www\/wp-json\/wp\/v2\/media?parent=2520"}],"curies":[{"name":"wp","href":"https:\/\/api.w.org\/{rel}","templated":true}]}}